{"id":942,"date":"2023-02-09T13:49:24","date_gmt":"2023-02-09T13:49:24","guid":{"rendered":"https:\/\/comprar-certificadodigital.com\/serasa\/?page_id=942"},"modified":"2023-02-11T21:02:13","modified_gmt":"2023-02-11T21:02:13","slug":"mapa-site","status":"publish","type":"page","link":"https:\/\/comprar-certificadodigital.com\/serasa\/mapa-site\/","title":{"rendered":"Mapa do Site"},"content":{"rendered":"<ul id=\"menu-menu\" class=\"menu\"><li id=\"menu-item-915\" class=\"menu-item menu-item-type-custom menu-item-object-custom menu-item-915\"><a rel=\"nofollow\" href=\"https:\/\/parceiro.validcertificadora.com.br\/redir?eyJpZF9jYW1wYWlnbiI6NTYyfQ==\/PC029332\">Certificado Digital<\/a><\/li>\n<li id=\"menu-item-916\" class=\"menu-item menu-item-type-custom menu-item-object-custom menu-item-916\"><a rel=\"nofollow\" href=\"https:\/\/parceiro.validcertificadora.com.br\/redir?eyJpZF9jYW1wYWlnbiI6NTYyfQ==\/PC029332\">e-CNPJ<\/a><\/li>\n<li id=\"menu-item-917\" class=\"menu-item menu-item-type-custom menu-item-object-custom menu-item-917\"><a rel=\"nofollow\" href=\"https:\/\/parceiro.validcertificadora.com.br\/redir?eyJpZF9jYW1wYWlnbiI6NTYyfQ==\/PC029332\">e-CPF<\/a><\/li>\n<li id=\"menu-item-918\" class=\"menu-item menu-item-type-custom menu-item-object-custom menu-item-918\"><a rel=\"nofollow\" href=\"https:\/\/parceiro.validcertificadora.com.br\/redir?eyJpZF9jYW1wYWlnbiI6NTYyfQ==\/PC029332\">NF-e<\/a><\/li>\n<li id=\"menu-item-919\" class=\"menu-item menu-item-type-custom menu-item-object-custom menu-item-919\"><a rel=\"nofollow\" href=\"https:\/\/parceiro.validcertificadora.com.br\/redir?eyJpZF9jYW1wYWlnbiI6NTYyfQ==\/PC029332\">e-Simples<\/a><\/li>\n<li id=\"menu-item-934\" class=\"pedir-agora menu-item menu-item-type-custom menu-item-object-custom menu-item-934\"><a rel=\"nofollow\" href=\"https:\/\/parceiro.validcertificadora.com.br\/redir?eyJpZF9jYW1wYWlnbiI6NTYyfQ==\/PC029332\"><i class=\"fa fa-shopping-cart\" aria-hidden=\"true\"><\/i>Comprar certificado<\/a><\/li>\n<li id=\"menu-item-947\" class=\"menu-item menu-item-type-taxonomy menu-item-object-category menu-item-has-children menu-item-947\"><a href=\"https:\/\/comprar-certificadodigital.com\/serasa\/category\/informacoes\/\"><i class=\"fa fa-list\" aria-hidden=\"true\"><\/i><\/a>\n<ul class=\"sub-menu\">\n\t<li id=\"menu-item-948\" class=\"menu-item menu-item-type-post_type menu-item-object-post menu-item-948\"><a href=\"https:\/\/comprar-certificadodigital.com\/serasa\/certificacao-digital-pessoa-fisica\/\">Certifica\u00e7\u00e3o Digital Pessoa F\u00edsica<\/a><\/li>\n\t<li id=\"menu-item-950\" class=\"menu-item menu-item-type-post_type menu-item-object-post menu-item-950\"><a href=\"https:\/\/comprar-certificadodigital.com\/serasa\/certificado-a1\/\">Certificado A1<\/a><\/li>\n\t<li id=\"menu-item-951\" class=\"menu-item menu-item-type-post_type menu-item-object-post menu-item-951\"><a href=\"https:\/\/comprar-certificadodigital.com\/serasa\/certificado-a1-cnpj\/\">Certificado A1 CNPJ<\/a><\/li>\n\t<li id=\"menu-item-953\" class=\"menu-item menu-item-type-post_type menu-item-object-post menu-item-953\"><a href=\"https:\/\/comprar-certificadodigital.com\/serasa\/certificado-a1-preco\/\">Certificado A1 pre\u00e7o<\/a><\/li>\n\t<li id=\"menu-item-955\" class=\"menu-item menu-item-type-post_type menu-item-object-post menu-item-955\"><a href=\"https:\/\/comprar-certificadodigital.com\/serasa\/certificado-a3\/\">Certificado A3<\/a><\/li>\n\t<li id=\"menu-item-957\" class=\"menu-item menu-item-type-post_type menu-item-object-post menu-item-957\"><a href=\"https:\/\/comprar-certificadodigital.com\/serasa\/certificado-cpf\/\">Certificado CPF<\/a><\/li>\n\t<li id=\"menu-item-958\" class=\"menu-item menu-item-type-post_type menu-item-object-post menu-item-958\"><a href=\"https:\/\/comprar-certificadodigital.com\/serasa\/certificado-digital-a1\/\">Certificado Digital A1<\/a><\/li>\n\t<li id=\"menu-item-959\" class=\"menu-item menu-item-type-post_type menu-item-object-post menu-item-959\"><a href=\"https:\/\/comprar-certificadodigital.com\/serasa\/certificado-digital-a1-cnpj\/\">Certificado Digital A1 CNPJ<\/a><\/li>\n\t<li id=\"menu-item-960\" class=\"menu-item menu-item-type-post_type menu-item-object-post menu-item-960\"><a href=\"https:\/\/comprar-certificadodigital.com\/serasa\/certificado-digital-a1-preco\/\">Certificado Digital A1 pre\u00e7o<\/a><\/li>\n\t<li id=\"menu-item-962\" class=\"menu-item menu-item-type-post_type menu-item-object-post menu-item-962\"><a href=\"https:\/\/comprar-certificadodigital.com\/serasa\/certificado-digital-a3\/\">Certificado Digital A3<\/a><\/li>\n\t<li id=\"menu-item-964\" class=\"menu-item menu-item-type-post_type menu-item-object-post menu-item-964\"><a href=\"https:\/\/comprar-certificadodigital.com\/serasa\/certificado-digital-cnpj\/\">Certificado Digital CNPJ<\/a><\/li>\n\t<li id=\"menu-item-965\" class=\"menu-item menu-item-type-post_type menu-item-object-post menu-item-965\"><a href=\"https:\/\/comprar-certificadodigital.com\/serasa\/certificado-digital-cnpj-mei\/\">Certificado Digital CNPJ MEI<\/a><\/li>\n\t<li id=\"menu-item-966\" class=\"menu-item menu-item-type-post_type menu-item-object-post menu-item-966\"><a href=\"https:\/\/comprar-certificadodigital.com\/serasa\/certificado-digital-cpf\/\">Certificado Digital CPF<\/a><\/li>\n\t<li id=\"menu-item-967\" class=\"menu-item menu-item-type-post_type menu-item-object-post menu-item-967\"><a href=\"https:\/\/comprar-certificadodigital.com\/serasa\/certificado-digital-e-valores\/\">Certificado Digital e valores<\/a><\/li>\n\t<li id=\"menu-item-968\" class=\"menu-item menu-item-type-post_type menu-item-object-post menu-item-968\"><a href=\"https:\/\/comprar-certificadodigital.com\/serasa\/certificado-digital-e-cnpj\/\">Certificado Digital E-CNPJ<\/a><\/li>\n\t<li id=\"menu-item-969\" class=\"menu-item menu-item-type-post_type menu-item-object-post menu-item-969\"><a href=\"https:\/\/comprar-certificadodigital.com\/serasa\/certificado-digital-ecpf\/\">Certificado Digital ECPF<\/a><\/li>\n\t<li id=\"menu-item-970\" class=\"menu-item menu-item-type-post_type menu-item-object-post menu-item-970\"><a href=\"https:\/\/comprar-certificadodigital.com\/serasa\/certificado-digital-empresa\/\">Certificado Digital Empresa<\/a><\/li>\n\t<li id=\"menu-item-971\" class=\"menu-item menu-item-type-post_type menu-item-object-post menu-item-971\"><a href=\"https:\/\/comprar-certificadodigital.com\/serasa\/certificado-digital-irpf\/\">Certificado Digital IRPF<\/a><\/li>\n\t<li id=\"menu-item-972\" class=\"menu-item menu-item-type-post_type menu-item-object-post menu-item-972\"><a href=\"https:\/\/comprar-certificadodigital.com\/serasa\/certificado-digital-mei\/\">Certificado Digital MEI<\/a><\/li>\n\t<li id=\"menu-item-973\" class=\"menu-item menu-item-type-post_type menu-item-object-post menu-item-973\"><a href=\"https:\/\/comprar-certificadodigital.com\/serasa\/certificado-digital-para-empresas\/\">Certificado Digital para empresas<\/a><\/li>\n\t<li id=\"menu-item-974\" class=\"menu-item menu-item-type-post_type menu-item-object-post menu-item-974\"><a href=\"https:\/\/comprar-certificadodigital.com\/serasa\/certificado-digital-para-mei\/\">Certificado Digital para MEI<\/a><\/li>\n\t<li id=\"menu-item-975\" class=\"menu-item menu-item-type-post_type menu-item-object-post menu-item-975\"><a href=\"https:\/\/comprar-certificadodigital.com\/serasa\/certificado-digital-pessoa-fisica\/\">Certificado Digital Pessoa F\u00edsica<\/a><\/li>\n\t<li id=\"menu-item-976\" class=\"menu-item menu-item-type-post_type menu-item-object-post menu-item-976\"><a href=\"https:\/\/comprar-certificadodigital.com\/serasa\/certificado-digital-pessoa-juridica\/\">Certificado Digital Pessoa Jur\u00eddica<\/a><\/li>\n\t<li id=\"menu-item-977\" class=\"menu-item menu-item-type-post_type menu-item-object-post menu-item-977\"><a href=\"https:\/\/comprar-certificadodigital.com\/serasa\/certificado-digital-pj\/\">Certificado Digital PJ<\/a><\/li>\n\t<li id=\"menu-item-978\" class=\"menu-item menu-item-type-post_type menu-item-object-post menu-item-978\"><a href=\"https:\/\/comprar-certificadodigital.com\/serasa\/certificado-digital-preco\/\">Certificado Digital Pre\u00e7o<\/a><\/li>\n\t<li id=\"menu-item-979\" class=\"menu-item menu-item-type-post_type menu-item-object-post menu-item-979\"><a href=\"https:\/\/comprar-certificadodigital.com\/serasa\/certificado-digital-receita-federal\/\">Certificado Digital Receita Federal<\/a><\/li>\n\t<li id=\"menu-item-980\" class=\"menu-item menu-item-type-post_type menu-item-object-post menu-item-980\"><a href=\"https:\/\/comprar-certificadodigital.com\/serasa\/certificado-digital-renovacao\/\">Certificado Digital renova\u00e7\u00e3o<\/a><\/li>\n\t<li id=\"menu-item-985\" class=\"menu-item menu-item-type-post_type menu-item-object-post menu-item-985\"><a href=\"https:\/\/comprar-certificadodigital.com\/serasa\/certificado-digital-serasa-online\/\">Certificado Digital Valid online<\/a><\/li>\n\t<li id=\"menu-item-987\" class=\"menu-item menu-item-type-post_type menu-item-object-post menu-item-987\"><a href=\"https:\/\/comprar-certificadodigital.com\/serasa\/certificado-digital-spc\/\">Certificado Digital SPC<\/a><\/li>\n\t<li id=\"menu-item-989\" class=\"menu-item menu-item-type-post_type menu-item-object-post menu-item-989\"><a href=\"https:\/\/comprar-certificadodigital.com\/serasa\/certificado-e-cnpj\/\">Certificado E-CNPJ<\/a><\/li>\n\t<li id=\"menu-item-990\" class=\"menu-item menu-item-type-post_type menu-item-object-post menu-item-990\"><a href=\"https:\/\/comprar-certificadodigital.com\/serasa\/certificado-mei-digital\/\">Certificado MEI Digital<\/a><\/li>\n\t<li id=\"menu-item-996\" class=\"menu-item menu-item-type-post_type menu-item-object-post menu-item-996\"><a href=\"https:\/\/comprar-certificadodigital.com\/serasa\/certificadoras-digitais\/\">Certificadoras Digitais<\/a><\/li>\n\t<li id=\"menu-item-997\" class=\"menu-item menu-item-type-post_type menu-item-object-post menu-item-997\"><a href=\"https:\/\/comprar-certificadodigital.com\/serasa\/como-fazer-certificado-digital\/\">como fazer Certificado Digital<\/a><\/li>\n\t<li id=\"menu-item-998\" class=\"menu-item menu-item-type-post_type menu-item-object-post menu-item-998\"><a href=\"https:\/\/comprar-certificadodigital.com\/serasa\/como-obter-certificado-digital\/\">como obter Certificado Digital<\/a><\/li>\n\t<li id=\"menu-item-999\" class=\"menu-item menu-item-type-post_type menu-item-object-post menu-item-999\"><a href=\"https:\/\/comprar-certificadodigital.com\/serasa\/comprar-certificado\/\">Comprar Certificado<\/a><\/li>\n\t<li id=\"menu-item-1000\" class=\"menu-item menu-item-type-post_type menu-item-object-post menu-item-1000\"><a href=\"https:\/\/comprar-certificadodigital.com\/serasa\/comprar-certificado-digital\/\">comprar Certificado Digital<\/a><\/li>\n\t<li id=\"menu-item-1001\" class=\"menu-item menu-item-type-post_type menu-item-object-post menu-item-1001\"><a href=\"https:\/\/comprar-certificadodigital.com\/serasa\/comprar-certificado-digital-a1\/\">Comprar certificado digital A1<\/a><\/li>\n\t<li id=\"menu-item-1003\" class=\"menu-item menu-item-type-post_type menu-item-object-post menu-item-1003\"><a href=\"https:\/\/comprar-certificadodigital.com\/serasa\/e-cpf-a1\/\">E-CPF A1<\/a><\/li>\n\t<li id=\"menu-item-1004\" class=\"menu-item menu-item-type-post_type menu-item-object-post menu-item-1004\"><a href=\"https:\/\/comprar-certificadodigital.com\/serasa\/ecnpj-a1\/\">ECNPJ A1<\/a><\/li>\n\t<li id=\"menu-item-1005\" class=\"menu-item menu-item-type-post_type menu-item-object-post menu-item-1005\"><a href=\"https:\/\/comprar-certificadodigital.com\/serasa\/ecnpj-a3\/\">ECNPJ A3<\/a><\/li>\n\t<li id=\"menu-item-1007\" class=\"menu-item menu-item-type-post_type menu-item-object-post menu-item-1007\"><a href=\"https:\/\/comprar-certificadodigital.com\/serasa\/ecpf-receita-federal\/\">ECPF Receita Federal<\/a><\/li>\n\t<li id=\"menu-item-1008\" class=\"menu-item menu-item-type-post_type menu-item-object-post menu-item-1008\"><a href=\"https:\/\/comprar-certificadodigital.com\/serasa\/emissao-certificado-mei\/\">Emiss\u00e3o certificado MEI<\/a><\/li>\n\t<li id=\"menu-item-1009\" class=\"menu-item menu-item-type-post_type menu-item-object-post menu-item-1009\"><a href=\"https:\/\/comprar-certificadodigital.com\/serasa\/emissao-de-certificado-digital\/\">Emiss\u00e3o de certificado digital<\/a><\/li>\n\t<li id=\"menu-item-1010\" class=\"menu-item menu-item-type-post_type menu-item-object-post menu-item-1010\"><a href=\"https:\/\/comprar-certificadodigital.com\/serasa\/emissao-de-certificado-mei\/\">Emiss\u00e3o de certificado MEI<\/a><\/li>\n\t<li id=\"menu-item-1011\" class=\"menu-item menu-item-type-post_type menu-item-object-post menu-item-1011\"><a href=\"https:\/\/comprar-certificadodigital.com\/serasa\/emitir-certificado-digital\/\">Emitir certificado digital<\/a><\/li>\n\t<li id=\"menu-item-1012\" class=\"menu-item menu-item-type-post_type menu-item-object-post menu-item-1012\"><a href=\"https:\/\/comprar-certificadodigital.com\/serasa\/empresa-de-certificado-digital\/\">Empresa de certificado digital<\/a><\/li>\n\t<li id=\"menu-item-1025\" class=\"menu-item menu-item-type-post_type menu-item-object-post menu-item-1025\"><a href=\"https:\/\/comprar-certificadodigital.com\/serasa\/obter-certificado-digital\/\">Obter Certificado Digital<\/a><\/li>\n\t<li id=\"menu-item-1026\" class=\"menu-item menu-item-type-post_type menu-item-object-post menu-item-1026\"><a href=\"https:\/\/comprar-certificadodigital.com\/serasa\/preco-certificado-digital\/\">Pre\u00e7o Certificado Digital<\/a><\/li>\n\t<li id=\"menu-item-1027\" class=\"menu-item menu-item-type-post_type menu-item-object-post menu-item-1027\"><a href=\"https:\/\/comprar-certificadodigital.com\/serasa\/renovacao-certificado-digital\/\">Renova\u00e7\u00e3o Certificado Digital<\/a><\/li>\n\t<li id=\"menu-item-1029\" class=\"menu-item menu-item-type-post_type menu-item-object-post menu-item-1029\"><a href=\"https:\/\/comprar-certificadodigital.com\/serasa\/renovacao-de-certificado-digital\/\">Renova\u00e7\u00e3o de Certificado Digital<\/a><\/li>\n<\/ul>\n<\/li>\n<\/ul>\n","protected":false},"excerpt":{"rendered":"","protected":false},"author":1,"featured_media":0,"parent":0,"menu_order":0,"comment_status":"closed","ping_status":"closed","template":"","meta":{"wp_popup_display_lightbox":0,"wp_popup_suppress":"","wp_popup_trigger":"","wp_popup_trigger_amount":0,"wp_popup_disable_on_mobile":false,"generate_page_header":"","footnotes":""},"class_list":["post-942","page","type-page","status-publish"],"yoast_head":"<!-- This site is optimized with the Yoast SEO plugin v27.5 - https:\/\/yoast.com\/product\/yoast-seo-wordpress\/ -->\n<title>Mapa do Site - Certificado Digital<\/title>\n<meta name=\"robots\" content=\"index, follow, max-snippet:-1, max-image-preview:large, max-video-preview:-1\" \/>\n<link rel=\"canonical\" href=\"https:\/\/comprar-certificadodigital.com\/serasa\/mapa-site\/\" \/>\n<meta property=\"og:locale\" content=\"pt_BR\" \/>\n<meta property=\"og:type\" content=\"article\" \/>\n<meta property=\"og:title\" content=\"Mapa do Site - Certificado Digital\" \/>\n<meta property=\"og:url\" content=\"https:\/\/comprar-certificadodigital.com\/serasa\/mapa-site\/\" \/>\n<meta property=\"og:site_name\" content=\"Certificado Digital\" \/>\n<meta property=\"article:modified_time\" content=\"2023-02-11T21:02:13+00:00\" \/>\n<meta name=\"twitter:card\" content=\"summary_large_image\" \/>\n<meta name=\"twitter:label1\" content=\"Est. tempo de leitura\" \/>\n\t<meta name=\"twitter:data1\" content=\"1 minuto\" \/>\n<script type=\"application\/ld+json\" class=\"yoast-schema-graph\">{\"@context\":\"https:\\\/\\\/schema.org\",\"@graph\":[{\"@type\":\"WebPage\",\"@id\":\"https:\\\/\\\/comprar-certificadodigital.com\\\/serasa\\\/mapa-site\\\/\",\"url\":\"https:\\\/\\\/comprar-certificadodigital.com\\\/serasa\\\/mapa-site\\\/\",\"name\":\"Mapa do Site - Certificado Digital\",\"isPartOf\":{\"@id\":\"https:\\\/\\\/comprar-certificadodigital.com\\\/serasa\\\/#website\"},\"datePublished\":\"2023-02-09T13:49:24+00:00\",\"dateModified\":\"2023-02-11T21:02:13+00:00\",\"breadcrumb\":{\"@id\":\"https:\\\/\\\/comprar-certificadodigital.com\\\/serasa\\\/mapa-site\\\/#breadcrumb\"},\"inLanguage\":\"pt-BR\",\"potentialAction\":[{\"@type\":\"ReadAction\",\"target\":[\"https:\\\/\\\/comprar-certificadodigital.com\\\/serasa\\\/mapa-site\\\/\"]}]},{\"@type\":\"BreadcrumbList\",\"@id\":\"https:\\\/\\\/comprar-certificadodigital.com\\\/serasa\\\/mapa-site\\\/#breadcrumb\",\"itemListElement\":[{\"@type\":\"ListItem\",\"position\":1,\"name\":\"In\u00edcio\",\"item\":\"https:\\\/\\\/comprar-certificadodigital.com\\\/serasa\\\/\"},{\"@type\":\"ListItem\",\"position\":2,\"name\":\"Mapa do Site\"}]},{\"@type\":\"WebSite\",\"@id\":\"https:\\\/\\\/comprar-certificadodigital.com\\\/serasa\\\/#website\",\"url\":\"https:\\\/\\\/comprar-certificadodigital.com\\\/serasa\\\/\",\"name\":\"Certificado Digital\",\"description\":\"Valid\",\"publisher\":{\"@id\":\"https:\\\/\\\/comprar-certificadodigital.com\\\/serasa\\\/#organization\"},\"potentialAction\":[{\"@type\":\"SearchAction\",\"target\":{\"@type\":\"EntryPoint\",\"urlTemplate\":\"https:\\\/\\\/comprar-certificadodigital.com\\\/serasa\\\/?s={search_term_string}\"},\"query-input\":{\"@type\":\"PropertyValueSpecification\",\"valueRequired\":true,\"valueName\":\"search_term_string\"}}],\"inLanguage\":\"pt-BR\"},{\"@type\":\"Organization\",\"@id\":\"https:\\\/\\\/comprar-certificadodigital.com\\\/serasa\\\/#organization\",\"name\":\"Certificado Digital\",\"url\":\"https:\\\/\\\/comprar-certificadodigital.com\\\/serasa\\\/\",\"logo\":{\"@type\":\"ImageObject\",\"inLanguage\":\"pt-BR\",\"@id\":\"https:\\\/\\\/comprar-certificadodigital.com\\\/serasa\\\/#\\\/schema\\\/logo\\\/image\\\/\",\"url\":\"https:\\\/\\\/comprar-certificadodigital.com\\\/serasa\\\/wp-content\\\/uploads\\\/2024\\\/08\\\/cropped-cropped-cropped-cropped-logo-valid-certificadora-1.jpeg\",\"contentUrl\":\"https:\\\/\\\/comprar-certificadodigital.com\\\/serasa\\\/wp-content\\\/uploads\\\/2024\\\/08\\\/cropped-cropped-cropped-cropped-logo-valid-certificadora-1.jpeg\",\"width\":200,\"height\":40,\"caption\":\"Certificado Digital\"},\"image\":{\"@id\":\"https:\\\/\\\/comprar-certificadodigital.com\\\/serasa\\\/#\\\/schema\\\/logo\\\/image\\\/\"}}]}<\/script>\n<!-- \/ Yoast SEO plugin. -->","yoast_head_json":{"title":"Mapa do Site - Certificado Digital","robots":{"index":"index","follow":"follow","max-snippet":"max-snippet:-1","max-image-preview":"max-image-preview:large","max-video-preview":"max-video-preview:-1"},"canonical":"https:\/\/comprar-certificadodigital.com\/serasa\/mapa-site\/","og_locale":"pt_BR","og_type":"article","og_title":"Mapa do Site - Certificado Digital","og_url":"https:\/\/comprar-certificadodigital.com\/serasa\/mapa-site\/","og_site_name":"Certificado Digital","article_modified_time":"2023-02-11T21:02:13+00:00","twitter_card":"summary_large_image","twitter_misc":{"Est. tempo de leitura":"1 minuto"},"schema":{"@context":"https:\/\/schema.org","@graph":[{"@type":"WebPage","@id":"https:\/\/comprar-certificadodigital.com\/serasa\/mapa-site\/","url":"https:\/\/comprar-certificadodigital.com\/serasa\/mapa-site\/","name":"Mapa do Site - Certificado Digital","isPartOf":{"@id":"https:\/\/comprar-certificadodigital.com\/serasa\/#website"},"datePublished":"2023-02-09T13:49:24+00:00","dateModified":"2023-02-11T21:02:13+00:00","breadcrumb":{"@id":"https:\/\/comprar-certificadodigital.com\/serasa\/mapa-site\/#breadcrumb"},"inLanguage":"pt-BR","potentialAction":[{"@type":"ReadAction","target":["https:\/\/comprar-certificadodigital.com\/serasa\/mapa-site\/"]}]},{"@type":"BreadcrumbList","@id":"https:\/\/comprar-certificadodigital.com\/serasa\/mapa-site\/#breadcrumb","itemListElement":[{"@type":"ListItem","position":1,"name":"In\u00edcio","item":"https:\/\/comprar-certificadodigital.com\/serasa\/"},{"@type":"ListItem","position":2,"name":"Mapa do Site"}]},{"@type":"WebSite","@id":"https:\/\/comprar-certificadodigital.com\/serasa\/#website","url":"https:\/\/comprar-certificadodigital.com\/serasa\/","name":"Certificado Digital","description":"Valid","publisher":{"@id":"https:\/\/comprar-certificadodigital.com\/serasa\/#organization"},"potentialAction":[{"@type":"SearchAction","target":{"@type":"EntryPoint","urlTemplate":"https:\/\/comprar-certificadodigital.com\/serasa\/?s={search_term_string}"},"query-input":{"@type":"PropertyValueSpecification","valueRequired":true,"valueName":"search_term_string"}}],"inLanguage":"pt-BR"},{"@type":"Organization","@id":"https:\/\/comprar-certificadodigital.com\/serasa\/#organization","name":"Certificado Digital","url":"https:\/\/comprar-certificadodigital.com\/serasa\/","logo":{"@type":"ImageObject","inLanguage":"pt-BR","@id":"https:\/\/comprar-certificadodigital.com\/serasa\/#\/schema\/logo\/image\/","url":"https:\/\/comprar-certificadodigital.com\/serasa\/wp-content\/uploads\/2024\/08\/cropped-cropped-cropped-cropped-logo-valid-certificadora-1.jpeg","contentUrl":"https:\/\/comprar-certificadodigital.com\/serasa\/wp-content\/uploads\/2024\/08\/cropped-cropped-cropped-cropped-logo-valid-certificadora-1.jpeg","width":200,"height":40,"caption":"Certificado Digital"},"image":{"@id":"https:\/\/comprar-certificadodigital.com\/serasa\/#\/schema\/logo\/image\/"}}]}},"_links":{"self":[{"href":"https:\/\/comprar-certificadodigital.com\/serasa\/wp-json\/wp\/v2\/pages\/942","targetHints":{"allow":["GET"]}}],"collection":[{"href":"https:\/\/comprar-certificadodigital.com\/serasa\/wp-json\/wp\/v2\/pages"}],"about":[{"href":"https:\/\/comprar-certificadodigital.com\/serasa\/wp-json\/wp\/v2\/types\/page"}],"author":[{"embeddable":true,"href":"https:\/\/comprar-certificadodigital.com\/serasa\/wp-json\/wp\/v2\/users\/1"}],"replies":[{"embeddable":true,"href":"https:\/\/comprar-certificadodigital.com\/serasa\/wp-json\/wp\/v2\/comments?post=942"}],"version-history":[{"count":2,"href":"https:\/\/comprar-certificadodigital.com\/serasa\/wp-json\/wp\/v2\/pages\/942\/revisions"}],"predecessor-version":[{"id":946,"href":"https:\/\/comprar-certificadodigital.com\/serasa\/wp-json\/wp\/v2\/pages\/942\/revisions\/946"}],"wp:attachment":[{"href":"https:\/\/comprar-certificadodigital.com\/serasa\/wp-json\/wp\/v2\/media?parent=942"}],"curies":[{"name":"wp","href":"https:\/\/api.w.org\/{rel}","templated":true}]}}